{"id":872,"date":"2022-11-29T13:04:53","date_gmt":"2022-11-29T13:04:53","guid":{"rendered":"https:\/\/hapiakillisu.com\/?post_type=product&#038;p=872"},"modified":"2024-10-15T06:28:25","modified_gmt":"2024-10-15T06:28:25","slug":"manna-krem-nane-altin-manna","status":"publish","type":"product","link":"https:\/\/hapiakillisu.com\/index.php\/product\/manna-krem-nane-altin-manna\/","title":{"rendered":"Manna Krem -Nane Alt\u0131n Manna-"},"content":{"rendered":"<p>\u00dcr\u00fcn\u00fcm\u00fcz,\u00a0<strong>FDA<\/strong>\u00a0onayl\u0131d\u0131r.<\/p>\n<p><img loading=\"lazy\" decoding=\"async\" class=\"alignnone size-full wp-image-829\" src=\"https:\/\/hapiakillisu.com\/wp-content\/uploads\/2016\/08\/fda-124x146-1.png\" alt=\"\" width=\"124\" height=\"146\" \/><\/p>\n<p><em><strong>Y<\/strong><\/em><em><strong>asal Sorumluluk Reddi<\/strong><\/em><br \/>\n<em>*Bu ifadeler G\u0131da ve ila\u00e7 Dairesi taraf\u0131ndan de\u011ferlendirilmemi\u015ftir. Bu \u00fcr\u00fcnler herhangi bir hastal\u0131\u011f\u0131 te\u015fhis etmek, tedavi etmek, iyile\u015ftirmek, hafifletmek veya \u00f6nlemek i\u00e7in tasarlanmam\u0131\u015ft\u0131r.<\/em><\/p>\n","protected":false},"excerpt":{"rendered":"<ul>\n<li>50 ml gr Manna Kremi ,<\/li>\n<li>Nane , \u00e7icek \u00f6zleri, farkl\u0131 elementler i\u00e7erir<\/li>\n<li>Cildin h\u00fccrelerinin \u00f6lmesini engellerken ya\u015flanmay\u0131 yava\u015flat\u0131r.<\/li>\n<li>Cildin s\u0131k\u0131la\u015fmas\u0131n\u0131 sa\u011flar..<\/li>\n<li>Ciltte olu\u015fan yeni k\u0131r\u0131\u015f\u0131kl\u0131klar\u0131 \u00f6nlerken olu\u015fan ince \u00e7izgilerin yok olmas\u0131na yard\u0131mc\u0131 olur.<\/li>\n<li>Cildin do\u011fal nem dengesini geri kazand\u0131r\u0131r.<\/li>\n<li>Al\u0131n b\u00f6lgesine s\u00fcr\u00fcl\u00fcr ise manna etkisine de\u011fer etki b\u0131rak\u0131r.<\/li>\n<\/ul>\n","protected":false},"featured_media":859,"comment_status":"open","ping_status":"closed","template":"","meta":[],"product_cat":[75],"product_tag":[76,77,78,72,79,80],"class_list":["post-872","product","type-product","status-publish","has-post-thumbnail","hentry","product_cat-manna-krem","product_tag-cilt-lekeleri","product_tag-cilt-sikilastirma","product_tag-eklem-rahatsizliklari","product_tag-fda-onaylidir","product_tag-manna-kremi","product_tag-migren","product_shipping_class-europe"],"_links":{"self":[{"href":"https:\/\/hapiakillisu.com\/index.php\/wp-json\/wp\/v2\/product\/872","targetHints":{"allow":["GET"]}}],"collection":[{"href":"https:\/\/hapiakillisu.com\/index.php\/wp-json\/wp\/v2\/product"}],"about":[{"href":"https:\/\/hapiakillisu.com\/index.php\/wp-json\/wp\/v2\/types\/product"}],"replies":[{"embeddable":true,"href":"https:\/\/hapiakillisu.com\/index.php\/wp-json\/wp\/v2\/comments?post=872"}],"wp:featuredmedia":[{"embeddable":true,"href":"https:\/\/hapiakillisu.com\/index.php\/wp-json\/wp\/v2\/media\/859"}],"wp:attachment":[{"href":"https:\/\/hapiakillisu.com\/index.php\/wp-json\/wp\/v2\/media?parent=872"}],"wp:term":[{"taxonomy":"product_cat","embeddable":true,"href":"https:\/\/hapiakillisu.com\/index.php\/wp-json\/wp\/v2\/product_cat?post=872"},{"taxonomy":"product_tag","embeddable":true,"href":"https:\/\/hapiakillisu.com\/index.php\/wp-json\/wp\/v2\/product_tag?post=872"}],"curies":[{"name":"wp","href":"https:\/\/api.w.org\/{rel}","templated":true}]}}