{"id":869,"date":"2022-11-29T13:02:41","date_gmt":"2022-11-29T13:02:41","guid":{"rendered":"https:\/\/hapiakillisu.com\/?post_type=product&#038;p=869"},"modified":"2023-11-25T03:01:20","modified_gmt":"2023-11-25T03:01:20","slug":"manna-krem-limon-bakir-manna","status":"publish","type":"product","link":"https:\/\/hapiakillisu.com\/index.php\/product\/manna-krem-limon-bakir-manna\/","title":{"rendered":"Manna Krem -Limon Bak\u0131r Manna-"},"content":{"rendered":"<p>\u00dcr\u00fcn\u00fcm\u00fcz,\u00a0<strong>FDA<\/strong>\u00a0onayl\u0131d\u0131r.<\/p>\n<p><img loading=\"lazy\" decoding=\"async\" class=\"alignnone size-full wp-image-829\" src=\"https:\/\/hapiakillisu.com\/wp-content\/uploads\/2016\/08\/fda-124x146-1.png\" alt=\"\" width=\"124\" height=\"146\" \/><\/p>\n<p><em><strong>Y<\/strong><\/em><em><strong>asal Sorumluluk Reddi<\/strong><\/em><br \/>\n<em>*Bu ifadeler G\u0131da ve ila\u00e7 Dairesi taraf\u0131ndan de\u011ferlendirilmemi\u015ftir. Bu \u00fcr\u00fcnler herhangi bir hastal\u0131\u011f\u0131 te\u015fhis etmek, tedavi etmek, iyile\u015ftirmek, hafifletmek veya \u00f6nlemek i\u00e7in tasarlanmam\u0131\u015ft\u0131r.<\/em><\/p>\n","protected":false},"excerpt":{"rendered":"<ul>\n<li>50 ml gr Manna Kremi ,<\/li>\n<li>Limon, \u00e7icek \u00f6zleri, farkl\u0131 elementler i\u00e7erir<\/li>\n<li>Cildi temizler ve yeniler.<\/li>\n<li>Cilt elastikiyetine ve \u015fekillenmesine destek olur.<\/li>\n<li>Sa\u00e7 dipleri ve \u00f6l\u00fc derilerde etkilidir.<\/li>\n<li>Sa\u00e7 d\u00f6k\u00fclmesi ve sa\u00e7larla ilgili sorunlarda yard\u0131mc\u0131 olur.<\/li>\n<\/ul>\n","protected":false},"featured_media":859,"comment_status":"open","ping_status":"closed","template":"","meta":[],"product_cat":[75],"product_tag":[76,78,72,81,79,82],"class_list":["post-869","product","type-product","status-publish","has-post-thumbnail","hentry","product_cat-manna-krem","product_tag-cilt-lekeleri","product_tag-eklem-rahatsizliklari","product_tag-fda-onaylidir","product_tag-limon","product_tag-manna-kremi","product_tag-sac-dokulmesi","product_shipping_class-europe"],"_links":{"self":[{"href":"https:\/\/hapiakillisu.com\/index.php\/wp-json\/wp\/v2\/product\/869","targetHints":{"allow":["GET"]}}],"collection":[{"href":"https:\/\/hapiakillisu.com\/index.php\/wp-json\/wp\/v2\/product"}],"about":[{"href":"https:\/\/hapiakillisu.com\/index.php\/wp-json\/wp\/v2\/types\/product"}],"replies":[{"embeddable":true,"href":"https:\/\/hapiakillisu.com\/index.php\/wp-json\/wp\/v2\/comments?post=869"}],"wp:featuredmedia":[{"embeddable":true,"href":"https:\/\/hapiakillisu.com\/index.php\/wp-json\/wp\/v2\/media\/859"}],"wp:attachment":[{"href":"https:\/\/hapiakillisu.com\/index.php\/wp-json\/wp\/v2\/media?parent=869"}],"wp:term":[{"taxonomy":"product_cat","embeddable":true,"href":"https:\/\/hapiakillisu.com\/index.php\/wp-json\/wp\/v2\/product_cat?post=869"},{"taxonomy":"product_tag","embeddable":true,"href":"https:\/\/hapiakillisu.com\/index.php\/wp-json\/wp\/v2\/product_tag?post=869"}],"curies":[{"name":"wp","href":"https:\/\/api.w.org\/{rel}","templated":true}]}}