{"id":863,"date":"2022-11-29T12:59:13","date_gmt":"2022-11-29T12:59:13","guid":{"rendered":"https:\/\/hapiakillisu.com\/?post_type=product&#038;p=863"},"modified":"2024-10-15T06:28:08","modified_gmt":"2024-10-15T06:28:08","slug":"manna-krem-gul-gumus-manna","status":"publish","type":"product","link":"https:\/\/hapiakillisu.com\/index.php\/product\/manna-krem-gul-gumus-manna\/","title":{"rendered":"Manna Krem -G\u00fcl G\u00fcm\u00fc\u015f Manna-"},"content":{"rendered":"<p>\u00dcr\u00fcn\u00fcm\u00fcz,\u00a0<strong>FDA<\/strong>\u00a0onayl\u0131d\u0131r.<\/p>\n<p><img loading=\"lazy\" decoding=\"async\" class=\"alignnone size-full wp-image-829\" src=\"https:\/\/hapiakillisu.com\/wp-content\/uploads\/2016\/08\/fda-124x146-1.png\" alt=\"\" width=\"124\" height=\"146\" \/><\/p>\n<p><em><strong>Y<\/strong><\/em><em><strong>asal Sorumluluk Reddi<\/strong><\/em><br \/>\n<em>*Bu ifadeler G\u0131da ve ila\u00e7 Dairesi taraf\u0131ndan de\u011ferlendirilmemi\u015ftir. Bu \u00fcr\u00fcnler herhangi bir hastal\u0131\u011f\u0131 te\u015fhis etmek, tedavi etmek, iyile\u015ftirmek, hafifletmek veya \u00f6nlemek i\u00e7in tasarlanmam\u0131\u015ft\u0131r.<\/em><\/p>\n","protected":false},"excerpt":{"rendered":"<ul>\n<li>50 ml gr Manna Kremi ,<\/li>\n<li>G\u00fcl, \u00e7icek \u00f6zleri, farkl\u0131 elementler i\u00e7erir<\/li>\n<li>Cildi ya\u011fdan ve kirden ar\u0131nd\u0131r\u0131r.<\/li>\n<li>Do\u011fal makyaj temizleyici olarak kullan\u0131labilir.<\/li>\n<li>Cildin canlanmas\u0131n\u0131 sa\u011flar ve daha gen\u00e7 bir g\u00f6r\u00fcn\u00fcm verir.<\/li>\n<li>Alerjik cilt sorunlar\u0131, egzama ve a\u00e7\u0131k yaralarda tedavi s\u00fcre\u00e7lerine yard\u0131mc\u0131d\u0131r.<\/li>\n<\/ul>\n","protected":false},"featured_media":859,"comment_status":"open","ping_status":"closed","template":"","meta":[],"product_cat":[75],"product_tag":[85,76,78,72,86,87,79,80],"class_list":["post-863","product","type-product","status-publish","has-post-thumbnail","hentry","product_cat-manna-krem","product_tag-alerjik-cilt","product_tag-cilt-lekeleri","product_tag-eklem-rahatsizliklari","product_tag-fda-onaylidir","product_tag-gul","product_tag-makyaj-temizleme","product_tag-manna-kremi","product_tag-migren","product_shipping_class-europe"],"_links":{"self":[{"href":"https:\/\/hapiakillisu.com\/index.php\/wp-json\/wp\/v2\/product\/863","targetHints":{"allow":["GET"]}}],"collection":[{"href":"https:\/\/hapiakillisu.com\/index.php\/wp-json\/wp\/v2\/product"}],"about":[{"href":"https:\/\/hapiakillisu.com\/index.php\/wp-json\/wp\/v2\/types\/product"}],"replies":[{"embeddable":true,"href":"https:\/\/hapiakillisu.com\/index.php\/wp-json\/wp\/v2\/comments?post=863"}],"wp:featuredmedia":[{"embeddable":true,"href":"https:\/\/hapiakillisu.com\/index.php\/wp-json\/wp\/v2\/media\/859"}],"wp:attachment":[{"href":"https:\/\/hapiakillisu.com\/index.php\/wp-json\/wp\/v2\/media?parent=863"}],"wp:term":[{"taxonomy":"product_cat","embeddable":true,"href":"https:\/\/hapiakillisu.com\/index.php\/wp-json\/wp\/v2\/product_cat?post=863"},{"taxonomy":"product_tag","embeddable":true,"href":"https:\/\/hapiakillisu.com\/index.php\/wp-json\/wp\/v2\/product_tag?post=863"}],"curies":[{"name":"wp","href":"https:\/\/api.w.org\/{rel}","templated":true}]}}