{"id":836,"date":"2022-11-29T12:38:39","date_gmt":"2022-11-29T12:38:39","guid":{"rendered":"https:\/\/hapiakillisu.com\/?post_type=product&#038;p=836"},"modified":"2025-06-11T21:21:08","modified_gmt":"2025-06-11T21:21:08","slug":"kollaidal-kuvartsz-suyu","status":"publish","type":"product","link":"https:\/\/hapiakillisu.com\/index.php\/product\/kollaidal-kuvartsz-suyu\/","title":{"rendered":"Kollaidal Kuvartsz Suyu"},"content":{"rendered":"<ul>\n<li>Beden dengesini sa\u011flar.<\/li>\n<li>Odaklanma, dikkat melekesini destekler.<\/li>\n<li>Alg\u0131lar\u0131 a\u00e7ar.<\/li>\n<li>A\u011fr\u0131 s\u0131z\u0131lar\u0131na kar\u015f\u0131 etkilidir.<\/li>\n<li>Beden canl\u0131l\u0131\u011f\u0131n\u0131 art\u0131r\u0131r.<\/li>\n<li>\u0130\u00e7me suyunuzun alkali de\u011ferini art\u0131r\u0131r.<\/li>\n<li>Yiyeceklerinizin uzun \u00f6m\u00fcrl\u00fc olmas\u0131na yard\u0131mc\u0131 olur.<\/li>\n<\/ul>\n<p>\u00dcr\u00fcn\u00fcm\u00fcz,\u00a0<strong>FDA<\/strong>\u00a0onayl\u0131d\u0131r.<\/p>\n<p><img loading=\"lazy\" decoding=\"async\" class=\"alignnone size-full wp-image-829\" src=\"https:\/\/hapiakillisu.com\/wp-content\/uploads\/2016\/08\/fda-124x146-1.png\" alt=\"\" width=\"124\" height=\"146\" \/><\/p>\n<p><em><strong>Y<\/strong><\/em><em><strong>asal Sorumluluk Reddi<\/strong><\/em><br \/>\n<em>*Bu ifadeler G\u0131da ve ila\u00e7 Dairesi taraf\u0131ndan de\u011ferlendirilmemi\u015ftir. Bu \u00fcr\u00fcnler herhangi bir hastal\u0131\u011f\u0131 te\u015fhis etmek, tedavi etmek, iyile\u015ftirmek, hafifletmek veya \u00f6nlemek i\u00e7in tasarlanmam\u0131\u015ft\u0131r.<\/em><\/p>\n","protected":false},"excerpt":{"rendered":"<ul>\n<li>10 ml Saf Kuvartsz ihtiva eder<\/li>\n<li>Kullan\u0131ma ba\u011fl\u0131 olarak 1 ila 3 y\u0131l kullan\u0131lmaktad\u0131r<\/li>\n<li>\u00dcr\u00fcn\u00fcm\u00fcz, FDA onayl\u0131d\u0131r<\/li>\n<\/ul>\n<p>&nbsp;<\/p>\n","protected":false},"featured_media":827,"comment_status":"open","ping_status":"closed","template":"","meta":[],"product_cat":[71],"product_tag":[72,73,103],"class_list":["post-836","product","type-product","status-publish","has-post-thumbnail","hentry","product_cat-kollaidal","product_tag-fda-onaylidir","product_tag-kollaidal","product_tag-kollaidal-kuuvartsz-suyu","product_shipping_class-europe"],"_links":{"self":[{"href":"https:\/\/hapiakillisu.com\/index.php\/wp-json\/wp\/v2\/product\/836","targetHints":{"allow":["GET"]}}],"collection":[{"href":"https:\/\/hapiakillisu.com\/index.php\/wp-json\/wp\/v2\/product"}],"about":[{"href":"https:\/\/hapiakillisu.com\/index.php\/wp-json\/wp\/v2\/types\/product"}],"replies":[{"embeddable":true,"href":"https:\/\/hapiakillisu.com\/index.php\/wp-json\/wp\/v2\/comments?post=836"}],"wp:featuredmedia":[{"embeddable":true,"href":"https:\/\/hapiakillisu.com\/index.php\/wp-json\/wp\/v2\/media\/827"}],"wp:attachment":[{"href":"https:\/\/hapiakillisu.com\/index.php\/wp-json\/wp\/v2\/media?parent=836"}],"wp:term":[{"taxonomy":"product_cat","embeddable":true,"href":"https:\/\/hapiakillisu.com\/index.php\/wp-json\/wp\/v2\/product_cat?post=836"},{"taxonomy":"product_tag","embeddable":true,"href":"https:\/\/hapiakillisu.com\/index.php\/wp-json\/wp\/v2\/product_tag?post=836"}],"curies":[{"name":"wp","href":"https:\/\/api.w.org\/{rel}","templated":true}]}}