{"id":830,"date":"2022-11-29T12:35:36","date_gmt":"2022-11-29T12:35:36","guid":{"rendered":"https:\/\/hapiakillisu.com\/?post_type=product&#038;p=830"},"modified":"2025-05-31T16:53:19","modified_gmt":"2025-05-31T16:53:19","slug":"kollaidal-demir-suyu","status":"publish","type":"product","link":"https:\/\/hapiakillisu.com\/index.php\/product\/kollaidal-demir-suyu\/","title":{"rendered":"Kollaidal Demir Suyu"},"content":{"rendered":"<ul>\n<li>Bedeninizin demir ihtiyac\u0131n\u0131 kar\u015f\u0131lar.<\/li>\n<li>Kans\u0131zl\u0131kla ilgili rahats\u0131zl\u0131klarda yararl\u0131d\u0131r.<\/li>\n<li>Din\u00e7 ve enerjik kalman\u0131za katk\u0131 sa\u011flar.<\/li>\n<li>Ba\u011f\u0131\u015f\u0131kl\u0131k sisteminizi besler.<\/li>\n<li>Hastal\u0131klara kar\u015f\u0131 beden direncinizi y\u00fckseltir.<\/li>\n<li>Zindelik sa\u011flar.<\/li>\n<li>Bedene kuvvet, dayan\u0131kl\u0131l\u0131k verir.<\/li>\n<li>Konsantrasyon sorunlar\u0131na iyi gelir.<\/li>\n<\/ul>\n<p>\u00dcr\u00fcn\u00fcm\u00fcz,\u00a0<strong>FDA<\/strong>\u00a0onayl\u0131d\u0131r.<\/p>\n<p><img loading=\"lazy\" decoding=\"async\" class=\"alignnone size-full wp-image-829\" src=\"https:\/\/hapiakillisu.com\/wp-content\/uploads\/2016\/08\/fda-124x146-1.png\" alt=\"\" width=\"124\" height=\"146\" \/><\/p>\n<p><em><strong>Y<\/strong><\/em><em><strong>asal Sorumluluk Reddi<\/strong><\/em><br \/>\n<em>*Bu ifadeler G\u0131da ve ila\u00e7 Dairesi taraf\u0131ndan de\u011ferlendirilmemi\u015ftir. Bu \u00fcr\u00fcnler herhangi bir hastal\u0131\u011f\u0131 te\u015fhis etmek, tedavi etmek, iyile\u015ftirmek, hafifletmek veya \u00f6nlemek i\u00e7in tasarlanmam\u0131\u015ft\u0131r.<\/em><\/p>\n","protected":false},"excerpt":{"rendered":"<ul>\n<li>10 ml Saf\u00a0<strong>Demir\u00a0<\/strong>ihtiva eder<\/li>\n<li>Kullan\u0131ma ba\u011fl\u0131 olarak 1 ila 3 y\u0131l kullan\u0131lmaktad\u0131r<\/li>\n<\/ul>\n","protected":false},"featured_media":827,"comment_status":"open","ping_status":"closed","template":"","meta":[],"product_cat":[71],"product_tag":[72,73,74],"class_list":["post-830","product","type-product","status-publish","has-post-thumbnail","hentry","product_cat-kollaidal","product_tag-fda-onaylidir","product_tag-kollaidal","product_tag-kollaidal-demir-suyu","product_shipping_class-europe"],"_links":{"self":[{"href":"https:\/\/hapiakillisu.com\/index.php\/wp-json\/wp\/v2\/product\/830","targetHints":{"allow":["GET"]}}],"collection":[{"href":"https:\/\/hapiakillisu.com\/index.php\/wp-json\/wp\/v2\/product"}],"about":[{"href":"https:\/\/hapiakillisu.com\/index.php\/wp-json\/wp\/v2\/types\/product"}],"replies":[{"embeddable":true,"href":"https:\/\/hapiakillisu.com\/index.php\/wp-json\/wp\/v2\/comments?post=830"}],"wp:featuredmedia":[{"embeddable":true,"href":"https:\/\/hapiakillisu.com\/index.php\/wp-json\/wp\/v2\/media\/827"}],"wp:attachment":[{"href":"https:\/\/hapiakillisu.com\/index.php\/wp-json\/wp\/v2\/media?parent=830"}],"wp:term":[{"taxonomy":"product_cat","embeddable":true,"href":"https:\/\/hapiakillisu.com\/index.php\/wp-json\/wp\/v2\/product_cat?post=830"},{"taxonomy":"product_tag","embeddable":true,"href":"https:\/\/hapiakillisu.com\/index.php\/wp-json\/wp\/v2\/product_tag?post=830"}],"curies":[{"name":"wp","href":"https:\/\/api.w.org\/{rel}","templated":true}]}}