{"id":99,"date":"2016-08-11T11:58:34","date_gmt":"2016-08-11T11:58:34","guid":{"rendered":"https:\/\/hapiakillisu.com\/?page_id=99"},"modified":"2023-04-03T06:39:43","modified_gmt":"2023-04-03T06:39:43","slug":"classic-blog-without-sidebar","status":"publish","type":"page","link":"https:\/\/hapiakillisu.com\/index.php\/classic-blog-without-sidebar\/","title":{"rendered":"Blog"},"content":{"rendered":"<p>[vc_row][vc_column]<div id=\"sc_blogger_1873033008\" class=\"sc_blogger layout_classic_3 template_masonry  sc_blogger_horizontal no_description\"><div class=\"isotope_wrap\" data-columns=\"3\">\t\t<div class=\"isotope_item isotope_item_classic isotope_item_classic_3 isotope_column_3\t\t\t\t\t\">\n\t\t\t<div class=\"post_item post_item_classic post_item_classic_3\t\t\t\t  post_format_standard odd\">\n\t\t\t\t\n\t\t\t\t\t\t\t\t\t<div class=\"post_featured\">\n\t\t\t\t\t\t\t<div class=\"post_thumb\" data-image=\"https:\/\/hapiakillisu.com\/wp-content\/uploads\/2022\/11\/bisimyaci-1-1200x675-1.png\" data-title=\"Manna Ve Kakao Seronomisi\">\n\t<a class=\"hover_icon hover_icon_link\" href=\"https:\/\/hapiakillisu.com\/index.php\/2022\/11\/29\/manna-ve-kakao-seremonisi\/\"><img loading=\"lazy\" decoding=\"async\" class=\"wp-post-image\" width=\"770\" height=\"550\" alt=\"Manna Ve Kakao Seronomisi\" src=\"https:\/\/hapiakillisu.com\/wp-content\/uploads\/2022\/11\/bisimyaci-1-1200x675-1-770x550.png\"><\/a>\t<\/div>\n\t\t\t\t\t\t<\/div>\n\t\t\t\t\n\t\t\t\t<div class=\"post_content isotope_item_content\">\n\t\t\t\t\t\n\t\t\t\t\t\t\t\t\t\t\t\t<h5 class=\"post_title\"><a href=\"https:\/\/hapiakillisu.com\/index.php\/2022\/11\/29\/manna-ve-kakao-seremonisi\/\">Manna Ve Kakao Seronomisi<\/a><\/h5>\n\t\t\t\t\t\t\t<div class=\"post_info\">\n\t\t\t\t<span class=\"post_info_item post_info_posted\"> <a href=\"https:\/\/hapiakillisu.com\/index.php\/2022\/11\/29\/manna-ve-kakao-seremonisi\/\" class=\"post_info_date\">Kas\u0131m 29, 2022<\/a><\/span>\n\t\t\t\t\t<span class=\"post_info_item post_info_counters\">\t<a class=\"post_counters_item post_counters_comments icon-comment-in\" title=\"Comments - 0\" href=\"https:\/\/hapiakillisu.com\/index.php\/2022\/11\/29\/manna-ve-kakao-seremonisi\/#respond\"><span class=\"post_counters_number\"><\/span><\/a>\n\t<\/span>\n\t\t<\/div>\n\t\t\t\t\t<div class=\"post_descr\">\n\t\t\t\t\t\t<p><\/p><a href=\"https:\/\/hapiakillisu.com\/index.php\/2022\/11\/29\/manna-ve-kakao-seremonisi\/\" class=\"post_readmore\"><span class=\"post_readmore_label\">Devam\u0131n\u0131 Oku<\/span><\/a>\t\t\t\t\t<\/div>\n\n\t\t\t\t<\/div>\t\t\t\t<!-- \/.post_content -->\n\t\t\t<\/div>\t<!-- \/.post_item -->\n\t\t<\/div>\t\t\t\t\t\t<!-- \/.isotope_item -->\n\t\t\t\t<div class=\"isotope_item isotope_item_classic isotope_item_classic_3 isotope_column_3\t\t\t\t\t\">\n\t\t\t<div class=\"post_item post_item_classic post_item_classic_3\t\t\t\t  post_format_standard even\">\n\t\t\t\t\n\t\t\t\t\t\t\t\t\t<div class=\"post_featured\">\n\t\t\t\t\t\t\t<div class=\"post_thumb\" data-image=\"https:\/\/hapiakillisu.com\/wp-content\/uploads\/2022\/11\/Ekran-Resmi-2022-11-24-23.43.10-1200x675-1-e1673250752584.png\" data-title=\"Alt\u0131n Kullan\u0131m\u0131 S\u0131ras\u0131nda Bilinmesi Gerekenler\">\n\t<a class=\"hover_icon hover_icon_link\" href=\"https:\/\/hapiakillisu.com\/index.php\/2022\/11\/29\/altin-kullanimi-sirasinda-bilinmesi-gerekenler\/\"><img loading=\"lazy\" decoding=\"async\" class=\"wp-post-image\" width=\"770\" height=\"550\" alt=\"Alt\u0131n Kullan\u0131m\u0131 S\u0131ras\u0131nda Bilinmesi Gerekenler\" src=\"https:\/\/hapiakillisu.com\/wp-content\/uploads\/2022\/11\/Ekran-Resmi-2022-11-24-23.43.10-1200x675-1-e1673250752584-770x550.png\"><\/a>\t<\/div>\n\t\t\t\t\t\t<\/div>\n\t\t\t\t\n\t\t\t\t<div class=\"post_content isotope_item_content\">\n\t\t\t\t\t\n\t\t\t\t\t\t\t\t\t\t\t\t<h5 class=\"post_title\"><a href=\"https:\/\/hapiakillisu.com\/index.php\/2022\/11\/29\/altin-kullanimi-sirasinda-bilinmesi-gerekenler\/\">Alt\u0131n Kullan\u0131m\u0131 S\u0131ras\u0131nda Bilinmesi Gerekenler<\/a><\/h5>\n\t\t\t\t\t\t\t<div class=\"post_info\">\n\t\t\t\t<span class=\"post_info_item post_info_posted\"> <a href=\"https:\/\/hapiakillisu.com\/index.php\/2022\/11\/29\/altin-kullanimi-sirasinda-bilinmesi-gerekenler\/\" class=\"post_info_date\">Kas\u0131m 29, 2022<\/a><\/span>\n\t\t\t\t\t<span class=\"post_info_item post_info_counters\">\t<a class=\"post_counters_item post_counters_comments icon-comment-in\" title=\"Comments - 0\" href=\"https:\/\/hapiakillisu.com\/index.php\/2022\/11\/29\/altin-kullanimi-sirasinda-bilinmesi-gerekenler\/#respond\"><span class=\"post_counters_number\"><\/span><\/a>\n\t<\/span>\n\t\t<\/div>\n\t\t\t\t\t<div class=\"post_descr\">\n\t\t\t\t\t\t<p><\/p><a href=\"https:\/\/hapiakillisu.com\/index.php\/2022\/11\/29\/altin-kullanimi-sirasinda-bilinmesi-gerekenler\/\" class=\"post_readmore\"><span class=\"post_readmore_label\">Devam\u0131n\u0131 Oku<\/span><\/a>\t\t\t\t\t<\/div>\n\n\t\t\t\t<\/div>\t\t\t\t<!-- \/.post_content -->\n\t\t\t<\/div>\t<!-- \/.post_item -->\n\t\t<\/div>\t\t\t\t\t\t<!-- \/.isotope_item -->\n\t\t\t\t<div class=\"isotope_item isotope_item_classic isotope_item_classic_3 isotope_column_3\t\t\t\t\t\">\n\t\t\t<div class=\"post_item post_item_classic post_item_classic_3\t\t\t\t  post_format_standard odd last\">\n\t\t\t\t\n\t\t\t\t\t\t\t\t\t<div class=\"post_featured\">\n\t\t\t\t\t\t\t<div class=\"post_thumb\" data-image=\"https:\/\/hapiakillisu.com\/wp-content\/uploads\/2022\/11\/Bisimyaci-gumus-1200x675-3-e1673250796904.png\" data-title=\"Do\u011fadaki En Zarars\u0131z Oldu\u011fu Bilinen G\u00fcm\u00fc\u015f\">\n\t<a class=\"hover_icon hover_icon_link\" href=\"https:\/\/hapiakillisu.com\/index.php\/2016\/08\/11\/dogadaki-en-zararsiz-antibiyotik-oldugu-bilinen-gumus\/\"><img loading=\"lazy\" decoding=\"async\" class=\"wp-post-image\" width=\"770\" height=\"550\" alt=\"Do\u011fadaki En Zarars\u0131z Oldu\u011fu Bilinen G\u00fcm\u00fc\u015f\" src=\"https:\/\/hapiakillisu.com\/wp-content\/uploads\/2022\/11\/Bisimyaci-gumus-1200x675-3-e1673250796904-770x550.png\"><\/a>\t<\/div>\n\t\t\t\t\t\t<\/div>\n\t\t\t\t\n\t\t\t\t<div class=\"post_content isotope_item_content\">\n\t\t\t\t\t\n\t\t\t\t\t\t\t\t\t\t\t\t<h5 class=\"post_title\"><a href=\"https:\/\/hapiakillisu.com\/index.php\/2016\/08\/11\/dogadaki-en-zararsiz-antibiyotik-oldugu-bilinen-gumus\/\">Do\u011fadaki En Zarars\u0131z Oldu\u011fu Bilinen G\u00fcm\u00fc\u015f<\/a><\/h5>\n\t\t\t\t\t\t\t<div class=\"post_info\">\n\t\t\t\t<span class=\"post_info_item post_info_posted\"> <a href=\"https:\/\/hapiakillisu.com\/index.php\/2016\/08\/11\/dogadaki-en-zararsiz-antibiyotik-oldugu-bilinen-gumus\/\" class=\"post_info_date\">A\u011fustos 11, 2016<\/a><\/span>\n\t\t\t\t\t<span class=\"post_info_item post_info_counters\">\t<a class=\"post_counters_item post_counters_comments icon-comment-in\" title=\"Comments - 2\" href=\"https:\/\/hapiakillisu.com\/index.php\/2016\/08\/11\/dogadaki-en-zararsiz-antibiyotik-oldugu-bilinen-gumus\/#comments\"><span class=\"post_counters_number\">2<\/span><\/a>\n\t<\/span>\n\t\t<\/div>\n\t\t\t\t\t<div class=\"post_descr\">\n\t\t\t\t\t\t<p><\/p><a href=\"https:\/\/hapiakillisu.com\/index.php\/2016\/08\/11\/dogadaki-en-zararsiz-antibiyotik-oldugu-bilinen-gumus\/\" class=\"post_readmore\"><span class=\"post_readmore_label\">Devam\u0131n\u0131 Oku<\/span><\/a>\t\t\t\t\t<\/div>\n\n\t\t\t\t<\/div>\t\t\t\t<!-- \/.post_content -->\n\t\t\t<\/div>\t<!-- \/.post_item -->\n\t\t<\/div>\t\t\t\t\t\t<!-- \/.isotope_item -->\n\t\t<\/div><\/div>[\/vc_column][\/vc_row]<\/p>\n","protected":false},"excerpt":{"rendered":"<p>[vc_row][vc_column][\/vc_column][\/vc_row]<\/p>\n","protected":false},"author":1,"featured_media":0,"parent":0,"menu_order":0,"comment_status":"closed","ping_status":"closed","template":"","meta":{"footnotes":""},"class_list":["post-99","page","type-page","status-publish","hentry"],"_links":{"self":[{"href":"https:\/\/hapiakillisu.com\/index.php\/wp-json\/wp\/v2\/pages\/99","targetHints":{"allow":["GET"]}}],"collection":[{"href":"https:\/\/hapiakillisu.com\/index.php\/wp-json\/wp\/v2\/pages"}],"about":[{"href":"https:\/\/hapiakillisu.com\/index.php\/wp-json\/wp\/v2\/types\/page"}],"author":[{"embeddable":true,"href":"https:\/\/hapiakillisu.com\/index.php\/wp-json\/wp\/v2\/users\/1"}],"replies":[{"embeddable":true,"href":"https:\/\/hapiakillisu.com\/index.php\/wp-json\/wp\/v2\/comments?post=99"}],"version-history":[{"count":4,"href":"https:\/\/hapiakillisu.com\/index.php\/wp-json\/wp\/v2\/pages\/99\/revisions"}],"predecessor-version":[{"id":1015,"href":"https:\/\/hapiakillisu.com\/index.php\/wp-json\/wp\/v2\/pages\/99\/revisions\/1015"}],"wp:attachment":[{"href":"https:\/\/hapiakillisu.com\/index.php\/wp-json\/wp\/v2\/media?parent=99"}],"curies":[{"name":"wp","href":"https:\/\/api.w.org\/{rel}","templated":true}]}}