{"id":2,"date":"2016-08-08T14:05:32","date_gmt":"2016-08-08T14:05:32","guid":{"rendered":"https:\/\/hapiakillisu.com\/?page_id=2"},"modified":"2023-01-09T07:47:30","modified_gmt":"2023-01-09T07:47:30","slug":"home-1","status":"publish","type":"page","link":"https:\/\/hapiakillisu.com\/","title":{"rendered":"Home 1"},"content":{"rendered":"<p>[vc_row][vc_column]<div  class=\"sc_intro margin_top_medium margin_bottom_large extra_border scheme_light\" style=\"border: none;background: url(https:\/\/hapiakillisu.com\/wp-content\/uploads\/2023\/01\/aroma-oil-2021-10-13-19-05-14-utc-1.jpg);\"><div class=\"sc_intro_inner  sc_intro_style_4\"><div class=\"sc_intro_content\"><h2 class=\"sc_intro_title\">Tekam\u00fcl yolculu\u011funda<br \/>\nen b\u00fcy\u00fck yard\u0131mc\u0131n\u0131z<\/h2><div class=\"sc_intro_descr\">Ruh haz\u0131r de\u011filse bedende \u00e7i\u00e7ek a\u00e7maz.<br \/>\nYolculu\u011fumuz ruhta ba\u015flamal\u0131 ve ruhta son bulmal\u0131.<\/div><\/div><\/div><\/div>[\/vc_column][\/vc_row][vc_row][vc_column]<h1 class=\"sc_title sc_title_regular sc_align_center\" style=\"text-align:center;\">\u00dcr\u00fcnler<\/h1>[\/vc_column][\/vc_row][vc_row][vc_column]<div class=\"woocommerce columns-4 \"><ul class=\"products columns-4\">\n<li class=\"product type-product post-839 status-publish first instock product_cat-selva product_tag-fda-onaylidir product_tag-ruhsal product_tag-selva product_tag-zihinsel-ve-bedensel-denge has-post-thumbnail shipping-taxable product-type-simple\">\n\t<div class=\"product_cats\"><a href=\"https:\/\/hapiakillisu.com\/index.php\/product-category\/selva\/\">Selva<\/a><\/div><\/li>\n<li class=\"product type-product post-855 status-publish instock product_cat-manna-krem product_tag-cilt-lekeleri product_tag-cuha product_tag-eklem-rahatsizliklari product_tag-fda-onaylidir product_tag-manna-kremi product_tag-migren has-post-thumbnail shipping-taxable product-type-simple\">\n\t<div class=\"product_cats\"><a href=\"https:\/\/hapiakillisu.com\/index.php\/product-category\/manna-krem\/\">Manna Krem<\/a><\/div><\/li>\n<li class=\"product type-product post-836 status-publish instock product_cat-kollaidal product_tag-fda-onaylidir product_tag-kollaidal product_tag-kollaidal-kuuvartsz-suyu has-post-thumbnail shipping-taxable product-type-simple\">\n\t<div class=\"product_cats\"><a href=\"https:\/\/hapiakillisu.com\/index.php\/product-category\/kollaidal\/\">Kollaidal<\/a><\/div><\/li>\n<li class=\"product type-product post-348 status-publish last instock product_cat-kollaidal product_tag-fda-onaylidir product_tag-kollaidal product_tag-kollaidal-demir-suyu has-post-thumbnail shipping-taxable product-type-simple\">\n\t<div class=\"product_cats\"><a href=\"https:\/\/hapiakillisu.com\/index.php\/product-category\/kollaidal\/\">Kollaidal<\/a><\/div><\/li>\n<\/ul>\n<\/div>[\/vc_column][\/vc_row][vc_row][vc_column width=&#8221;1\/2&#8243;][vc_single_image image=&#8221;881&#8243; img_size=&#8221;&#8221; alignment=&#8221;center&#8221;][\/vc_column][vc_column width=&#8221;1\/2&#8243;]<span class=\"sc_highlight\" style=\"background-color:#ffffff;\"><\/p>\n<h3 style=\"text-align: left;\">Manna<\/h3>\n<hr class=\"no_line\" \/>\n<p>&nbsp;<\/p>\n<ul>\n<li style=\"text-align: left;\">1 gr, 3 gr, 5 gr, 7 gr, 40 gr<\/li>\n<li>\u00dcr\u00fcn oransal olarak alt\u0131n ihtiva eder<\/li>\n<li style=\"text-align: left;\">Yakla\u015f\u0131k 6 ay kullan\u0131lmaktad\u0131r<\/li>\n<\/ul>\n<p><\/span>[\/vc_column][\/vc_row][vc_row][vc_column width=&#8221;1\/2&#8243;]<span class=\"sc_highlight\"><\/p>\n<h3>Selva<\/h3>\n<hr class=\"no_line\" \/>\n<p>&nbsp;<\/p>\n<ul>\n<li style=\"text-align: left;\">Manna&#8217;n\u0131n bir \u00fcst form\u00fcl\u00fcd\u00fcr.<\/li>\n<li style=\"text-align: left;\">Eser miktarda alt\u0131n ihtiva eder<\/li>\n<li style=\"text-align: left;\">Yakla\u015f\u0131k 6 ay kullan\u0131l\u0131r<\/li>\n<\/ul>\n<p><\/span>[\/vc_column][vc_column width=&#8221;1\/2&#8243;][vc_single_image image=&#8221;882&#8243; img_size=&#8221;&#8221; alignment=&#8221;center&#8221;][\/vc_column][\/vc_row][vc_row][vc_column width=&#8221;1\/2&#8243;][vc_single_image image=&#8221;884&#8243; img_size=&#8221;&#8221; alignment=&#8221;center&#8221;][\/vc_column][vc_column width=&#8221;1\/2&#8243;]<span class=\"sc_highlight\"><\/p>\n<h3>Manna Kremi<\/h3>\n<hr class=\"no_line\" \/>\n<p>Manna Kremi bir\u00e7ok g\u00f6revi tek ba\u015f\u0131na \u00fcstlenir ve iyile\u015ftirici etkisi \u00e7ok kuvvetlidir.<\/p>\n<ul>\n<li>Cilt lekelerine kar\u015f\u0131 olduk\u00e7a i\u015flevseldir.<\/li>\n<li>Migren vb. a\u011fr\u0131lar\u0131 i\u00e7in i\u015flevseldir.<\/li>\n<li>Diz alt\u0131 s\u0131v\u0131s\u0131, eklem rahats\u0131zl\u0131klar\u0131na kar\u015f\u0131 etkilidir.<\/li>\n<\/ul>\n<p><\/span>[\/vc_column][\/vc_row][vc_row][vc_column]<div id=\"sc_blogger_101481045\" class=\"sc_blogger layout_classic_3 template_masonry  sc_blogger_horizontal no_description\"><h2 class=\"sc_blogger_title sc_item_title sc_item_title_without_descr\">Blog<\/h2><div class=\"isotope_wrap\" data-columns=\"3\">\t\t<div class=\"isotope_item isotope_item_classic isotope_item_classic_3 isotope_column_3\t\t\t\t\t\">\n\t\t\t<div class=\"post_item post_item_classic post_item_classic_3\t\t\t\t  post_format_standard odd\">\n\t\t\t\t\n\t\t\t\t\t\t\t\t\t<div class=\"post_featured\">\n\t\t\t\t\t\t\t<div class=\"post_thumb\" data-image=\"https:\/\/hapiakillisu.com\/wp-content\/uploads\/2022\/11\/bisimyaci-1-1200x675-1.png\" data-title=\"Manna Ve Kakao Seronomisi\">\n\t<a class=\"hover_icon hover_icon_link\" href=\"https:\/\/hapiakillisu.com\/index.php\/2022\/11\/29\/manna-ve-kakao-seremonisi\/\"><img loading=\"lazy\" decoding=\"async\" class=\"wp-post-image\" width=\"770\" height=\"550\" alt=\"Manna Ve Kakao Seronomisi\" src=\"https:\/\/hapiakillisu.com\/wp-content\/uploads\/2022\/11\/bisimyaci-1-1200x675-1-770x550.png\"><\/a>\t<\/div>\n\t\t\t\t\t\t<\/div>\n\t\t\t\t\n\t\t\t\t<div class=\"post_content isotope_item_content\">\n\t\t\t\t\t\n\t\t\t\t\t\t\t\t\t\t\t\t<h5 class=\"post_title\"><a href=\"https:\/\/hapiakillisu.com\/index.php\/2022\/11\/29\/manna-ve-kakao-seremonisi\/\">Manna Ve Kakao Seronomisi<\/a><\/h5>\n\t\t\t\t\t\t\t<div class=\"post_info\">\n\t\t\t\t<span class=\"post_info_item post_info_posted\"> <a href=\"https:\/\/hapiakillisu.com\/index.php\/2022\/11\/29\/manna-ve-kakao-seremonisi\/\" class=\"post_info_date\">Kas\u0131m 29, 2022<\/a><\/span>\n\t\t\t\t\t<span class=\"post_info_item post_info_counters\">\t<a class=\"post_counters_item post_counters_comments icon-comment-in\" title=\"Comments - 0\" href=\"https:\/\/hapiakillisu.com\/index.php\/2022\/11\/29\/manna-ve-kakao-seremonisi\/#respond\"><span class=\"post_counters_number\"><\/span><\/a>\n\t<\/span>\n\t\t<\/div>\n\t\t\t\t\t<div class=\"post_descr\">\n\t\t\t\t\t\t<p><\/p><a href=\"https:\/\/hapiakillisu.com\/index.php\/2022\/11\/29\/manna-ve-kakao-seremonisi\/\" class=\"post_readmore\"><span class=\"post_readmore_label\">Devam\u0131n\u0131 Oku<\/span><\/a>\t\t\t\t\t<\/div>\n\n\t\t\t\t<\/div>\t\t\t\t<!-- \/.post_content -->\n\t\t\t<\/div>\t<!-- \/.post_item -->\n\t\t<\/div>\t\t\t\t\t\t<!-- \/.isotope_item -->\n\t\t\t\t<div class=\"isotope_item isotope_item_classic isotope_item_classic_3 isotope_column_3\t\t\t\t\t\">\n\t\t\t<div class=\"post_item post_item_classic post_item_classic_3\t\t\t\t  post_format_standard even\">\n\t\t\t\t\n\t\t\t\t\t\t\t\t\t<div class=\"post_featured\">\n\t\t\t\t\t\t\t<div class=\"post_thumb\" data-image=\"https:\/\/hapiakillisu.com\/wp-content\/uploads\/2022\/11\/Ekran-Resmi-2022-11-24-23.43.10-1200x675-1-e1673250752584.png\" data-title=\"Alt\u0131n Kullan\u0131m\u0131 S\u0131ras\u0131nda Bilinmesi Gerekenler\">\n\t<a class=\"hover_icon hover_icon_link\" href=\"https:\/\/hapiakillisu.com\/index.php\/2022\/11\/29\/altin-kullanimi-sirasinda-bilinmesi-gerekenler\/\"><img loading=\"lazy\" decoding=\"async\" class=\"wp-post-image\" width=\"770\" height=\"550\" alt=\"Alt\u0131n Kullan\u0131m\u0131 S\u0131ras\u0131nda Bilinmesi Gerekenler\" src=\"https:\/\/hapiakillisu.com\/wp-content\/uploads\/2022\/11\/Ekran-Resmi-2022-11-24-23.43.10-1200x675-1-e1673250752584-770x550.png\"><\/a>\t<\/div>\n\t\t\t\t\t\t<\/div>\n\t\t\t\t\n\t\t\t\t<div class=\"post_content isotope_item_content\">\n\t\t\t\t\t\n\t\t\t\t\t\t\t\t\t\t\t\t<h5 class=\"post_title\"><a href=\"https:\/\/hapiakillisu.com\/index.php\/2022\/11\/29\/altin-kullanimi-sirasinda-bilinmesi-gerekenler\/\">Alt\u0131n Kullan\u0131m\u0131 S\u0131ras\u0131nda Bilinmesi Gerekenler<\/a><\/h5>\n\t\t\t\t\t\t\t<div class=\"post_info\">\n\t\t\t\t<span class=\"post_info_item post_info_posted\"> <a href=\"https:\/\/hapiakillisu.com\/index.php\/2022\/11\/29\/altin-kullanimi-sirasinda-bilinmesi-gerekenler\/\" class=\"post_info_date\">Kas\u0131m 29, 2022<\/a><\/span>\n\t\t\t\t\t<span class=\"post_info_item post_info_counters\">\t<a class=\"post_counters_item post_counters_comments icon-comment-in\" title=\"Comments - 0\" href=\"https:\/\/hapiakillisu.com\/index.php\/2022\/11\/29\/altin-kullanimi-sirasinda-bilinmesi-gerekenler\/#respond\"><span class=\"post_counters_number\"><\/span><\/a>\n\t<\/span>\n\t\t<\/div>\n\t\t\t\t\t<div class=\"post_descr\">\n\t\t\t\t\t\t<p><\/p><a href=\"https:\/\/hapiakillisu.com\/index.php\/2022\/11\/29\/altin-kullanimi-sirasinda-bilinmesi-gerekenler\/\" class=\"post_readmore\"><span class=\"post_readmore_label\">Devam\u0131n\u0131 Oku<\/span><\/a>\t\t\t\t\t<\/div>\n\n\t\t\t\t<\/div>\t\t\t\t<!-- \/.post_content -->\n\t\t\t<\/div>\t<!-- \/.post_item -->\n\t\t<\/div>\t\t\t\t\t\t<!-- \/.isotope_item -->\n\t\t\t\t<div class=\"isotope_item isotope_item_classic isotope_item_classic_3 isotope_column_3\t\t\t\t\t\">\n\t\t\t<div class=\"post_item post_item_classic post_item_classic_3\t\t\t\t  post_format_standard odd last\">\n\t\t\t\t\n\t\t\t\t\t\t\t\t\t<div class=\"post_featured\">\n\t\t\t\t\t\t\t<div class=\"post_thumb\" data-image=\"https:\/\/hapiakillisu.com\/wp-content\/uploads\/2022\/11\/Bisimyaci-gumus-1200x675-3-e1673250796904.png\" data-title=\"Do\u011fadaki En Zarars\u0131z Oldu\u011fu Bilinen G\u00fcm\u00fc\u015f\">\n\t<a class=\"hover_icon hover_icon_link\" href=\"https:\/\/hapiakillisu.com\/index.php\/2016\/08\/11\/dogadaki-en-zararsiz-antibiyotik-oldugu-bilinen-gumus\/\"><img loading=\"lazy\" decoding=\"async\" class=\"wp-post-image\" width=\"770\" height=\"550\" alt=\"Do\u011fadaki En Zarars\u0131z Oldu\u011fu Bilinen G\u00fcm\u00fc\u015f\" src=\"https:\/\/hapiakillisu.com\/wp-content\/uploads\/2022\/11\/Bisimyaci-gumus-1200x675-3-e1673250796904-770x550.png\"><\/a>\t<\/div>\n\t\t\t\t\t\t<\/div>\n\t\t\t\t\n\t\t\t\t<div class=\"post_content isotope_item_content\">\n\t\t\t\t\t\n\t\t\t\t\t\t\t\t\t\t\t\t<h5 class=\"post_title\"><a href=\"https:\/\/hapiakillisu.com\/index.php\/2016\/08\/11\/dogadaki-en-zararsiz-antibiyotik-oldugu-bilinen-gumus\/\">Do\u011fadaki En Zarars\u0131z Oldu\u011fu Bilinen G\u00fcm\u00fc\u015f<\/a><\/h5>\n\t\t\t\t\t\t\t<div class=\"post_info\">\n\t\t\t\t<span class=\"post_info_item post_info_posted\"> <a href=\"https:\/\/hapiakillisu.com\/index.php\/2016\/08\/11\/dogadaki-en-zararsiz-antibiyotik-oldugu-bilinen-gumus\/\" class=\"post_info_date\">A\u011fustos 11, 2016<\/a><\/span>\n\t\t\t\t\t<span class=\"post_info_item post_info_counters\">\t<a class=\"post_counters_item post_counters_comments icon-comment-in\" title=\"Comments - 2\" href=\"https:\/\/hapiakillisu.com\/index.php\/2016\/08\/11\/dogadaki-en-zararsiz-antibiyotik-oldugu-bilinen-gumus\/#comments\"><span class=\"post_counters_number\">2<\/span><\/a>\n\t<\/span>\n\t\t<\/div>\n\t\t\t\t\t<div class=\"post_descr\">\n\t\t\t\t\t\t<p><\/p><a href=\"https:\/\/hapiakillisu.com\/index.php\/2016\/08\/11\/dogadaki-en-zararsiz-antibiyotik-oldugu-bilinen-gumus\/\" class=\"post_readmore\"><span class=\"post_readmore_label\">Devam\u0131n\u0131 Oku<\/span><\/a>\t\t\t\t\t<\/div>\n\n\t\t\t\t<\/div>\t\t\t\t<!-- \/.post_content -->\n\t\t\t<\/div>\t<!-- \/.post_item -->\n\t\t<\/div>\t\t\t\t\t\t<!-- \/.isotope_item -->\n\t\t<\/div><\/div>[\/vc_column][\/vc_row]<\/p>\n","protected":false},"excerpt":{"rendered":"<p>[vc_row][vc_column][\/vc_column][\/vc_row][vc_row][vc_column][\/vc_column][\/vc_row][vc_row][vc_column][\/vc_column][\/vc_row][vc_row][vc_column width=&#8221;1\/2&#8243;][vc_single_image image=&#8221;881&#8243; img_size=&#8221;&#8221; alignment=&#8221;center&#8221;][\/vc_column][vc_column width=&#8221;1\/2&#8243;][\/vc_column][\/vc_row][vc_row][vc_column width=&#8221;1\/2&#8243;][\/vc_column][vc_column width=&#8221;1\/2&#8243;][vc_single_image image=&#8221;882&#8243; img_size=&#8221;&#8221; alignment=&#8221;center&#8221;][\/vc_column][\/vc_row][vc_row][vc_column width=&#8221;1\/2&#8243;][vc_single_image image=&#8221;884&#8243; img_size=&#8221;&#8221; alignment=&#8221;center&#8221;][\/vc_column][vc_column width=&#8221;1\/2&#8243;][\/vc_column][\/vc_row][vc_row][vc_column][\/vc_column][\/vc_row]<\/p>\n","protected":false},"author":1,"featured_media":0,"parent":0,"menu_order":0,"comment_status":"closed","ping_status":"closed","template":"","meta":{"footnotes":""},"class_list":["post-2","page","type-page","status-publish","hentry"],"_links":{"self":[{"href":"https:\/\/hapiakillisu.com\/index.php\/wp-json\/wp\/v2\/pages\/2","targetHints":{"allow":["GET"]}}],"collection":[{"href":"https:\/\/hapiakillisu.com\/index.php\/wp-json\/wp\/v2\/pages"}],"about":[{"href":"https:\/\/hapiakillisu.com\/index.php\/wp-json\/wp\/v2\/types\/page"}],"author":[{"embeddable":true,"href":"https:\/\/hapiakillisu.com\/index.php\/wp-json\/wp\/v2\/users\/1"}],"replies":[{"embeddable":true,"href":"https:\/\/hapiakillisu.com\/index.php\/wp-json\/wp\/v2\/comments?post=2"}],"version-history":[{"count":19,"href":"https:\/\/hapiakillisu.com\/index.php\/wp-json\/wp\/v2\/pages\/2\/revisions"}],"predecessor-version":[{"id":1010,"href":"https:\/\/hapiakillisu.com\/index.php\/wp-json\/wp\/v2\/pages\/2\/revisions\/1010"}],"wp:attachment":[{"href":"https:\/\/hapiakillisu.com\/index.php\/wp-json\/wp\/v2\/media?parent=2"}],"curies":[{"name":"wp","href":"https:\/\/api.w.org\/{rel}","templated":true}]}}